{"id":9619,"date":"2023-01-28T10:00:25","date_gmt":"2023-01-28T16:00:25","guid":{"rendered":"http:\/\/www.productoslatina.mx\/stage\/producto\/jelly-adios-frizz-300ml-chica\/"},"modified":"2025-06-04T10:16:26","modified_gmt":"2025-06-04T16:16:26","slug":"jelly-adios-frizz-300ml-chica","status":"publish","type":"product","link":"https:\/\/www.productoslatina.mx\/stage\/producto\/jelly-adios-frizz-300ml-chica\/","title":{"rendered":"Jelly Chica\u00ae"},"content":{"rendered":"<p>Ingredientes:<br \/>\nDeionized water,\u00a0AMP-Acrylates\/Allyl Methacrylate Copolymer,\u00a0Acrylates Copolymer,\u00a0Polyquaternium-28, Hydroxyethyl Urea,\u00a0Sodium PCA (and) Sodium Lactate (and) Arginine (and) Aspartic Acid (and) PCA (and) Glycine (and) Alanine (and) Serine (and) Valine (and) Proline (and) Threonine (and) Isoleucine (and) Histidine (and) Phenylalanine (and) Water, Carbomer, Persea Gratissima Oil (aceite de aguacate), Daucus\u00a0 Carota Seed Oil (aceite de zanahoria), Sodium Polyacrylate Starch,\u00a0Phenoxyethanol, Caprylyl Glycol, Decylene Glycol, Tetrasodium\u00a0 EDTA, BHT, Triethanolamine, color,\u00a0and Fragrance.<\/p>\n","protected":false},"excerpt":{"rendered":"<p>Jelly adi\u00f3s Frizz, fijaci\u00f3n media, sin alcohol y sin residuos Con aceite de zanahoria y amino\u00e1cidos.<\/p>\n","protected":false},"featured_media":9643,"comment_status":"open","ping_status":"closed","template":"","meta":{"_et_pb_use_builder":"","_et_pb_old_content":"","_et_gb_content_width":"","inline_featured_image":false},"product_brand":[],"product_cat":[158],"product_tag":[145],"class_list":{"0":"post-9619","1":"product","2":"type-product","3":"status-publish","4":"has-post-thumbnail","6":"product_cat-chica-por-latina","7":"product_tag-geles","8":"product_shipping_class-estandar","10":"first","11":"instock","12":"purchasable","13":"product-type-simple"},"aioseo_notices":[],"_links":{"self":[{"href":"https:\/\/www.productoslatina.mx\/stage\/wp-json\/wp\/v2\/product\/9619","targetHints":{"allow":["GET"]}}],"collection":[{"href":"https:\/\/www.productoslatina.mx\/stage\/wp-json\/wp\/v2\/product"}],"about":[{"href":"https:\/\/www.productoslatina.mx\/stage\/wp-json\/wp\/v2\/types\/product"}],"replies":[{"embeddable":true,"href":"https:\/\/www.productoslatina.mx\/stage\/wp-json\/wp\/v2\/comments?post=9619"}],"wp:featuredmedia":[{"embeddable":true,"href":"https:\/\/www.productoslatina.mx\/stage\/wp-json\/wp\/v2\/media\/9643"}],"wp:attachment":[{"href":"https:\/\/www.productoslatina.mx\/stage\/wp-json\/wp\/v2\/media?parent=9619"}],"wp:term":[{"taxonomy":"product_brand","embeddable":true,"href":"https:\/\/www.productoslatina.mx\/stage\/wp-json\/wp\/v2\/product_brand?post=9619"},{"taxonomy":"product_cat","embeddable":true,"href":"https:\/\/www.productoslatina.mx\/stage\/wp-json\/wp\/v2\/product_cat?post=9619"},{"taxonomy":"product_tag","embeddable":true,"href":"https:\/\/www.productoslatina.mx\/stage\/wp-json\/wp\/v2\/product_tag?post=9619"}],"curies":[{"name":"wp","href":"https:\/\/api.w.org\/{rel}","templated":true}]}}