{"id":7814,"date":"2022-07-20T14:06:32","date_gmt":"2022-07-20T19:06:32","guid":{"rendered":"http:\/\/www.productoslatina.mx\/stage\/?post_type=product&#038;p=7814"},"modified":"2025-03-19T13:49:47","modified_gmt":"2025-03-19T19:49:47","slug":"mascarilla-nutri-reparadora-cacao","status":"publish","type":"product","link":"https:\/\/www.productoslatina.mx\/stage\/producto\/mascarilla-nutri-reparadora-cacao\/","title":{"rendered":"Crema para peinar Reparaci\u00f3n"},"content":{"rendered":"<p>Mascarilla Nutri Reparadora Cacao, elaborada con prote\u00edna de leche, manteca de cacao y moringa, ideal para cabello da\u00f1ado. Repara y fortalece el cabello. Aporta fuerza y nutrientes. Protege de la contaminaci\u00f3n ambiental. Ingredientes: Deionized water, Cetyl Alcohol, PEG-40 Hydrogenated Castor Oil, Stearic Acid, Theobroma Cacao Seed Butter, Moringa oleifera Leaf Extract, Hydrolyzed Milk Protein,\u00a0Behentrimonium chloride, Cetearyl Alcohol and Cetearyl Glucoside, PEG-6 Caprylic\/ Capric Glycerides, Guar Hydroxypropyltrimonium Chloride, Sodium PCA (and) Sodium Lactate (and) Arginine (and) Aspartic Acid (and) PCA (and) Glycine (and) Alanine (and) Serine (and) Valine (and) Proline (and) Threonine (and) Isoleucine (and) Histidine (and) Phenylalanine (and) Water, Polyquaternium-10, Phenoxyethanol, Caprylyl Glycol, Decylene Glycol, BHT, Tetrasodium EDTA, Chocolate Brown (CI 20285),\u00a0 Fragrance.<\/p>\n","protected":false},"excerpt":{"rendered":"<p>Mascarilla Nutri Reparadora Cacao, elaborada con prote\u00edna de leche, manteca de cacao y moringa, ideal para cabello da\u00f1ado.<\/p>\n","protected":false},"featured_media":7786,"comment_status":"open","ping_status":"closed","template":"","meta":{"_et_pb_use_builder":"off","_et_pb_old_content":"Mascarilla Nutri Reparadora Cacao, elaborada con prote\u00edna de leche, manteca de cacao y moringa, ideal para cabello da\u00f1ado. Repara y fortalece el cabello. Aporta fuerza y nutrientes. Protege de la contaminaci\u00f3n ambiental.\r\n\r\nIngredientes:\r\n\r\nDeionized water, Cetyl Alcohol, PEG-40 Hydrogenated Castor Oil, Stearic Acid, Theobroma Cacao Seed Butter, Moringa oleifera Leaf Extract, Hydrolyzed Milk Protein,\u00a0Behentrimonium chloride, Cetearyl Alcohol and Cetearyl Glucoside, PEG-6 Caprylic\/ Capric Glycerides, Guar Hydroxypropyltrimonium Chloride, Sodium PCA (and) Sodium Lactate (and) Arginine (and) Aspartic Acid (and) PCA (and) Glycine (and) Alanine (and) Serine (and) Valine (and) Proline (and) Threonine (and) Isoleucine (and) Histidine (and) Phenylalanine (and) Water, Polyquaternium-10, Phenoxyethanol, Caprylyl Glycol, Decylene Glycol, BHT, Tetrasodium EDTA, Chocolate Brown (CI 20285),\u00a0 Fragrance.","_et_gb_content_width":"","inline_featured_image":false},"product_brand":[],"product_cat":[149],"product_tag":[138],"class_list":{"0":"post-7814","1":"product","2":"type-product","3":"status-publish","4":"has-post-thumbnail","6":"product_cat-linea-cacao","7":"product_tag-mascarillas-capilares","8":"product_shipping_class-estandar","10":"first","11":"instock","12":"purchasable","13":"product-type-simple"},"aioseo_notices":[],"_links":{"self":[{"href":"https:\/\/www.productoslatina.mx\/stage\/wp-json\/wp\/v2\/product\/7814","targetHints":{"allow":["GET"]}}],"collection":[{"href":"https:\/\/www.productoslatina.mx\/stage\/wp-json\/wp\/v2\/product"}],"about":[{"href":"https:\/\/www.productoslatina.mx\/stage\/wp-json\/wp\/v2\/types\/product"}],"replies":[{"embeddable":true,"href":"https:\/\/www.productoslatina.mx\/stage\/wp-json\/wp\/v2\/comments?post=7814"}],"wp:featuredmedia":[{"embeddable":true,"href":"https:\/\/www.productoslatina.mx\/stage\/wp-json\/wp\/v2\/media\/7786"}],"wp:attachment":[{"href":"https:\/\/www.productoslatina.mx\/stage\/wp-json\/wp\/v2\/media?parent=7814"}],"wp:term":[{"taxonomy":"product_brand","embeddable":true,"href":"https:\/\/www.productoslatina.mx\/stage\/wp-json\/wp\/v2\/product_brand?post=7814"},{"taxonomy":"product_cat","embeddable":true,"href":"https:\/\/www.productoslatina.mx\/stage\/wp-json\/wp\/v2\/product_cat?post=7814"},{"taxonomy":"product_tag","embeddable":true,"href":"https:\/\/www.productoslatina.mx\/stage\/wp-json\/wp\/v2\/product_tag?post=7814"}],"curies":[{"name":"wp","href":"https:\/\/api.w.org\/{rel}","templated":true}]}}