{"id":7810,"date":"2022-07-20T13:04:00","date_gmt":"2022-07-20T18:04:00","guid":{"rendered":"http:\/\/www.productoslatina.mx\/stage\/?post_type=product&#038;p=7810"},"modified":"2025-02-04T07:58:42","modified_gmt":"2025-02-04T13:58:42","slug":"serum-reparador","status":"publish","type":"product","link":"https:\/\/www.productoslatina.mx\/stage\/producto\/serum-reparador\/","title":{"rendered":"S\u00e9rum Reparaci\u00f3n"},"content":{"rendered":"<p>Serum Reparador, elaborado con manteca de cacao, Nutre da brillo y repara puntas da\u00f1adas. Enriquecido con aceite de aguacate, zanahorias, almendras dulces, semilla de uva, girasol y arg\u00e1n.<\/p>\n<p>Ingredientes:<\/p>\n<p>Isopropyl myristate, Caprylic\/Capric Triglyceride, PEG-6 Caprylic\/ Capric Glycerides, Pseudozyma Epicola, Prunus Amygdalus Dulcis (Sweet Almond) Oil, Camellia Japonica Seed Oil, Argania Spinosa Kernel Oil, Helianthus Annuus (Sunflower) Seed Oil, Camellia Sinensis Seed Oil Ferment Extract Filtrate, Persea Gratissima (Avocado) Oil, Daucus Carota Seed Oil, Vitis Vinifera Seed Oil, Theobroma Cacao Seed Butter, PPG-20 Methyl Glucose Ether, Butyrospermum Parkii (Shea) Butter, BHT, Fragrance.<\/p>\n","protected":false},"excerpt":{"rendered":"<p>Serum Reparador, elaborado con manteca de cacao, Nutre da brillo y repara puntas da\u00f1adas.<\/p>\n","protected":false},"featured_media":7770,"comment_status":"open","ping_status":"closed","template":"","meta":{"_et_pb_use_builder":"","_et_pb_old_content":"","_et_gb_content_width":"","inline_featured_image":false},"product_brand":[],"product_cat":[149],"product_tag":[151],"class_list":{"0":"post-7810","1":"product","2":"type-product","3":"status-publish","4":"has-post-thumbnail","6":"product_cat-linea-cacao","7":"product_tag-serum","8":"product_shipping_class-estandar","10":"first","11":"instock","12":"purchasable","13":"product-type-simple"},"aioseo_notices":[],"_links":{"self":[{"href":"https:\/\/www.productoslatina.mx\/stage\/wp-json\/wp\/v2\/product\/7810","targetHints":{"allow":["GET"]}}],"collection":[{"href":"https:\/\/www.productoslatina.mx\/stage\/wp-json\/wp\/v2\/product"}],"about":[{"href":"https:\/\/www.productoslatina.mx\/stage\/wp-json\/wp\/v2\/types\/product"}],"replies":[{"embeddable":true,"href":"https:\/\/www.productoslatina.mx\/stage\/wp-json\/wp\/v2\/comments?post=7810"}],"wp:featuredmedia":[{"embeddable":true,"href":"https:\/\/www.productoslatina.mx\/stage\/wp-json\/wp\/v2\/media\/7770"}],"wp:attachment":[{"href":"https:\/\/www.productoslatina.mx\/stage\/wp-json\/wp\/v2\/media?parent=7810"}],"wp:term":[{"taxonomy":"product_brand","embeddable":true,"href":"https:\/\/www.productoslatina.mx\/stage\/wp-json\/wp\/v2\/product_brand?post=7810"},{"taxonomy":"product_cat","embeddable":true,"href":"https:\/\/www.productoslatina.mx\/stage\/wp-json\/wp\/v2\/product_cat?post=7810"},{"taxonomy":"product_tag","embeddable":true,"href":"https:\/\/www.productoslatina.mx\/stage\/wp-json\/wp\/v2\/product_tag?post=7810"}],"curies":[{"name":"wp","href":"https:\/\/api.w.org\/{rel}","templated":true}]}}