{"id":5667,"date":"2021-12-11T19:04:34","date_gmt":"2021-12-12T01:04:34","guid":{"rendered":"http:\/\/www.productoslatina.mx\/stage\/?post_type=product&#038;p=5667"},"modified":"2025-02-04T07:57:20","modified_gmt":"2025-02-04T13:57:20","slug":"jelly-anti-frizz","status":"publish","type":"product","link":"https:\/\/www.productoslatina.mx\/stage\/producto\/jelly-anti-frizz\/","title":{"rendered":"Jelly Anti-Frizz"},"content":{"rendered":"<p>Jelly Anti-Frizz 300gr<br \/>\nCcntrol toltal del frizz, brillo extremo con aceite de aguacate y zanahoria. Enriquecido con\u00a0amino\u00e1cidos que protegen tu cabello del medio ambiente, creando un capa de fijaci\u00f3n media que te ayudar\u00e1 a control el frizz por m\u00e1s tiempo.<\/p>\n<p>ingredientes<br \/>\nDeionized water,\u00a0AMP-Acrylates\/Allyl Methacrylate Copolymer,\u00a0Acrylates Copolymer,\u00a0Polyquaternium-28, Hydroxyethyl Urea,\u00a0Sodium PCA (and) Sodium Lactate (and) Arginine (and) Aspartic Acid (and) PCA (and) Glycine (and) Alanine (and) Serine (and) Valine (and) Proline (and) Threonine (and) Isoleucine (and) Histidine (and) Phenylalanine (and) Water, Carbomer, Persea Gratissima Oil (aceite de aguacate), Daucus\u00a0 Carota Seed Oil (aceite de zanahoria), Sodium Polyacrylate Starch,\u00a0Phenoxyethanol, Caprylyl Glycol, Decylene Glycol, Tetrasodium\u00a0 EDTA, BHT, Triethanolamine,\u00a0 (CI 61570), (CI 19140),\u00a0and Fragrance.<\/p>\n","protected":false},"excerpt":{"rendered":"<p>Jelly Anti-Frizz 300gr<br \/>\nCcntrol toltal del frizz, brillo extremo con aceite de aguacate y zanahoria. Enriquecido con\u00a0amino\u00e1cidos que protegen tu cabello del medio ambiente, creando un capa de fijaci\u00f3n media que te ayudar\u00e1 a control el frizz por m\u00e1s tiempo.<\/p>\n","protected":false},"featured_media":7939,"comment_status":"open","ping_status":"closed","template":"","meta":{"_et_pb_use_builder":"","_et_pb_old_content":"","_et_gb_content_width":"","inline_featured_image":false},"product_brand":[],"product_cat":[137],"product_tag":[145],"class_list":{"0":"post-5667","1":"product","2":"type-product","3":"status-publish","4":"has-post-thumbnail","6":"product_cat-linea-antifrizz","7":"product_tag-geles","8":"product_shipping_class-estandar","10":"first","11":"instock","12":"purchasable","13":"product-type-simple"},"aioseo_notices":[],"_links":{"self":[{"href":"https:\/\/www.productoslatina.mx\/stage\/wp-json\/wp\/v2\/product\/5667","targetHints":{"allow":["GET"]}}],"collection":[{"href":"https:\/\/www.productoslatina.mx\/stage\/wp-json\/wp\/v2\/product"}],"about":[{"href":"https:\/\/www.productoslatina.mx\/stage\/wp-json\/wp\/v2\/types\/product"}],"replies":[{"embeddable":true,"href":"https:\/\/www.productoslatina.mx\/stage\/wp-json\/wp\/v2\/comments?post=5667"}],"wp:featuredmedia":[{"embeddable":true,"href":"https:\/\/www.productoslatina.mx\/stage\/wp-json\/wp\/v2\/media\/7939"}],"wp:attachment":[{"href":"https:\/\/www.productoslatina.mx\/stage\/wp-json\/wp\/v2\/media?parent=5667"}],"wp:term":[{"taxonomy":"product_brand","embeddable":true,"href":"https:\/\/www.productoslatina.mx\/stage\/wp-json\/wp\/v2\/product_brand?post=5667"},{"taxonomy":"product_cat","embeddable":true,"href":"https:\/\/www.productoslatina.mx\/stage\/wp-json\/wp\/v2\/product_cat?post=5667"},{"taxonomy":"product_tag","embeddable":true,"href":"https:\/\/www.productoslatina.mx\/stage\/wp-json\/wp\/v2\/product_tag?post=5667"}],"curies":[{"name":"wp","href":"https:\/\/api.w.org\/{rel}","templated":true}]}}