{"id":4433,"date":"2021-09-04T10:30:29","date_gmt":"2021-09-04T15:30:29","guid":{"rendered":"http:\/\/www.productoslatina.mx\/stage\/?post_type=product&#038;p=4433"},"modified":"2025-08-06T09:55:08","modified_gmt":"2025-08-06T15:55:08","slug":"kit-uva","status":"publish","type":"product","link":"https:\/\/www.productoslatina.mx\/stage\/producto\/kit-uva\/","title":{"rendered":"L\u00ednea Hidratante"},"content":{"rendered":"<p>Nuestra l\u00ednea Anti-Oxidante:<\/p>\n<p>Shampoo, acondicionador, gel l\u00edquido y mascarilla 3en1 son ideales para renovar, darle brillo y fuerza a tu cabello. Con antioxidantes poderosos que mantendr\u00e1n tu melena hermosamente saludable. Algas marinas, aceite de semilla de uva, aceite de zanahoria, amino\u00e1cidos, son algunos de nuestros ingredientes utilizados en la elaboraci\u00f3n de esta l\u00ednea.<\/p>\n<p>&nbsp;<\/p>\n","protected":false},"excerpt":{"rendered":"<p>*Shampoo *Acondicionador *Gel L\u00edquido *Activador de rizos 3en1<\/p>\n","protected":false},"featured_media":11295,"comment_status":"open","ping_status":"closed","template":"","meta":{"_et_pb_use_builder":"off","_et_pb_old_content":"Nuestra l\u00ednea Anti Envejecimiento de shampoo, acondicionador, gel l\u00edquido y mascarilla 3en1 son ideales para renovar, darle brillo y fuerza a tu cabello.\r\nCon antioxidantes poderosos que mantendr\u00e1n tu melena hermosamente saludable.\r\n\r\nAlgas marinas, aceite de semilla de uva, aceite de zanahoria, amino\u00e1cidos, son algunos de nuestros ingredientes utilizados en la elaboraci\u00f3n de esta l\u00ednea.\r\n\r\n\u00a0","_et_gb_content_width":"","inline_featured_image":false},"product_brand":[],"product_cat":[142],"product_tag":[141,144,138,143],"class_list":{"0":"post-4433","1":"product","2":"type-product","3":"status-publish","4":"has-post-thumbnail","6":"product_cat-linea-uva","7":"product_tag-accesorios","8":"product_tag-acondicionadores","9":"product_tag-mascarillas-capilares","10":"product_tag-shampoos","11":"product_shipping_class-envio-gratis","13":"first","14":"instock","15":"purchasable","16":"product-type-simple"},"aioseo_notices":[],"_links":{"self":[{"href":"https:\/\/www.productoslatina.mx\/stage\/wp-json\/wp\/v2\/product\/4433","targetHints":{"allow":["GET"]}}],"collection":[{"href":"https:\/\/www.productoslatina.mx\/stage\/wp-json\/wp\/v2\/product"}],"about":[{"href":"https:\/\/www.productoslatina.mx\/stage\/wp-json\/wp\/v2\/types\/product"}],"replies":[{"embeddable":true,"href":"https:\/\/www.productoslatina.mx\/stage\/wp-json\/wp\/v2\/comments?post=4433"}],"wp:featuredmedia":[{"embeddable":true,"href":"https:\/\/www.productoslatina.mx\/stage\/wp-json\/wp\/v2\/media\/11295"}],"wp:attachment":[{"href":"https:\/\/www.productoslatina.mx\/stage\/wp-json\/wp\/v2\/media?parent=4433"}],"wp:term":[{"taxonomy":"product_brand","embeddable":true,"href":"https:\/\/www.productoslatina.mx\/stage\/wp-json\/wp\/v2\/product_brand?post=4433"},{"taxonomy":"product_cat","embeddable":true,"href":"https:\/\/www.productoslatina.mx\/stage\/wp-json\/wp\/v2\/product_cat?post=4433"},{"taxonomy":"product_tag","embeddable":true,"href":"https:\/\/www.productoslatina.mx\/stage\/wp-json\/wp\/v2\/product_tag?post=4433"}],"curies":[{"name":"wp","href":"https:\/\/api.w.org\/{rel}","templated":true}]}}