{"id":4104,"date":"2021-07-20T13:18:26","date_gmt":"2021-07-20T18:18:26","guid":{"rendered":"http:\/\/www.productoslatina.mx\/stage\/?post_type=product&#038;p=4104"},"modified":"2025-02-04T07:54:48","modified_gmt":"2025-02-04T13:54:48","slug":"acondicionador","status":"publish","type":"product","link":"https:\/\/www.productoslatina.mx\/stage\/producto\/acondicionador\/","title":{"rendered":"Acondicionador Hidratante"},"content":{"rendered":"<p>ACONDICIONADOR Sin siliconas, ceras, parafinas o aceites minerales. Elaborado con algas marinas y aceite de uva. Enriquecido con lecitina de soya, sorbitol y diatomeas. Humedad extendida. Con mol\u00e9culas higrosc\u00f3picas que ofrecen un rendimiento hidratante excepcional y resultados de humectaci\u00f3n a corto y largo plazo al combinar dos sistemas de entrega en uno; ayudando a mantener la integridad de la cut\u00edcula. Con efecto antiest\u00e1tico y reparador.<\/p>\n","protected":false},"excerpt":{"rendered":"<p>Acondicionador: Elaborado con algas marinas y aceite de uva. Enriquecido con lecitina de soya, sorbitol y diatomeas.<\/p>\n<p>Ingredientes:<\/p>\n<p>Deionized Water,\u00a0Behenamidopropyl Dimethylamine (and) Dipalmitoylethyl Hydroxyethylmonium Methosulfate (and) Cetyl Alcohol (and) Stearyl Alcohol (and) Lactic Acid, Glycerin,\u00a0Quaternium-22,\u00a0Vitis Vinifera Seed Oil (aceite de semilla de uva) (and) Hydrogenated Vegetable Oil (aceite vegetal),\u00a0Aqua (and) Glycerin (and) Sorbitol (and) Laminaria Digitata Extract (extracto de algas marinas) (and) Lecithin (and) Xanthan Gum (and) Diatomaceous Earth (diatomeas), Phenoxyethanol, Caprylyl Glycol, Decylene Glycol,\u00a0Tetrasodium\u00a0 EDTA,\u00a0Fragance, brillant blue fcf (ci 14720), red 5 (ci 14720),\u00a0 sunset yellow fcf (ci15985), acid red 18 (ci 16255).<\/p>\n","protected":false},"featured_media":7918,"comment_status":"open","ping_status":"closed","template":"","meta":{"_et_pb_use_builder":"off","_et_pb_old_content":"ACONDICIONADOR\r\n\r\nSin siliconas, ceras, parafinas o aceites minerales.\r\n\r\nElaborado con algas marinas y aceite de uva. Enriquecido con lecitina de soya, sorbitol y diatomeas.\r\n\r\nHumedad extendida. Con mol\u00e9culas higrosc\u00f3picas que ofrecen un rendimiento hidratante excepcional y resultados de humectaci\u00f3n a corto y largo plazo al combinar dos sistemas de entrega en uno; ayudando a mantener la integridad de la cut\u00edcula. Con efecto antiest\u00e1tico y reparador.","_et_gb_content_width":"","inline_featured_image":false},"product_brand":[],"product_cat":[142],"product_tag":[144],"class_list":{"0":"post-4104","1":"product","2":"type-product","3":"status-publish","4":"has-post-thumbnail","6":"product_cat-linea-uva","7":"product_tag-acondicionadores","8":"product_shipping_class-estandar","10":"first","11":"instock","12":"purchasable","13":"product-type-simple"},"aioseo_notices":[],"_links":{"self":[{"href":"https:\/\/www.productoslatina.mx\/stage\/wp-json\/wp\/v2\/product\/4104","targetHints":{"allow":["GET"]}}],"collection":[{"href":"https:\/\/www.productoslatina.mx\/stage\/wp-json\/wp\/v2\/product"}],"about":[{"href":"https:\/\/www.productoslatina.mx\/stage\/wp-json\/wp\/v2\/types\/product"}],"replies":[{"embeddable":true,"href":"https:\/\/www.productoslatina.mx\/stage\/wp-json\/wp\/v2\/comments?post=4104"}],"wp:featuredmedia":[{"embeddable":true,"href":"https:\/\/www.productoslatina.mx\/stage\/wp-json\/wp\/v2\/media\/7918"}],"wp:attachment":[{"href":"https:\/\/www.productoslatina.mx\/stage\/wp-json\/wp\/v2\/media?parent=4104"}],"wp:term":[{"taxonomy":"product_brand","embeddable":true,"href":"https:\/\/www.productoslatina.mx\/stage\/wp-json\/wp\/v2\/product_brand?post=4104"},{"taxonomy":"product_cat","embeddable":true,"href":"https:\/\/www.productoslatina.mx\/stage\/wp-json\/wp\/v2\/product_cat?post=4104"},{"taxonomy":"product_tag","embeddable":true,"href":"https:\/\/www.productoslatina.mx\/stage\/wp-json\/wp\/v2\/product_tag?post=4104"}],"curies":[{"name":"wp","href":"https:\/\/api.w.org\/{rel}","templated":true}]}}