{"id":3398,"date":"2021-06-08T02:04:50","date_gmt":"2021-06-08T07:04:50","guid":{"rendered":"http:\/\/www.productoslatina.mx\/stage\/?post_type=product&#038;p=3398"},"modified":"2025-02-04T08:25:30","modified_gmt":"2025-02-04T14:25:30","slug":"cronogramacapilar","status":"publish","type":"product","link":"https:\/\/www.productoslatina.mx\/stage\/producto\/cronogramacapilar\/","title":{"rendered":"Cronograma Capilar"},"content":{"rendered":"<p>Recupera la salud de tu cabello siguiendo el cronograma capilar; Mascarillas de Hidrataci\u00f3n 295grs. * Mascarillas de Nutrici\u00f3n 295grs. * Mascarillas de Reconstrucci\u00f3n 295grs. Envase PET reciclable, con aplicador.<\/p>\n","protected":false},"excerpt":{"rendered":"<p>CRONOGRAMA CAPILAR<br \/>\nHidrataci\u00f3n, Nutrici\u00f3n, Reconstrucci\u00f3n<\/p>\n","protected":false},"featured_media":7984,"comment_status":"open","ping_status":"closed","template":"","meta":{"_et_pb_use_builder":"off","_et_pb_old_content":"Recupera la salud de tu cabello siguiendo el cronograma capilar y ll\u00e9vate una cosmetiquera con mascarilla minis (20ml)\r\n* Mascarillas de Hidrataci\u00f3n 295grs.\r\n* Mascarillas de Nutrici\u00f3n 295grs.\r\n* Mascarillas de Reconstrucci\u00f3n 295grs.\r\n\r\nEnvase PET reciclable, con aplicador.","_et_gb_content_width":"","inline_featured_image":false},"product_brand":[],"product_cat":[139],"product_tag":[141,138],"class_list":{"0":"post-3398","1":"product","2":"type-product","3":"status-publish","4":"has-post-thumbnail","6":"product_cat-cronograma","7":"product_tag-accesorios","8":"product_tag-mascarillas-capilares","9":"product_shipping_class-envio-gratis","11":"first","12":"instock","13":"purchasable","14":"product-type-simple"},"aioseo_notices":[],"_links":{"self":[{"href":"https:\/\/www.productoslatina.mx\/stage\/wp-json\/wp\/v2\/product\/3398","targetHints":{"allow":["GET"]}}],"collection":[{"href":"https:\/\/www.productoslatina.mx\/stage\/wp-json\/wp\/v2\/product"}],"about":[{"href":"https:\/\/www.productoslatina.mx\/stage\/wp-json\/wp\/v2\/types\/product"}],"replies":[{"embeddable":true,"href":"https:\/\/www.productoslatina.mx\/stage\/wp-json\/wp\/v2\/comments?post=3398"}],"wp:featuredmedia":[{"embeddable":true,"href":"https:\/\/www.productoslatina.mx\/stage\/wp-json\/wp\/v2\/media\/7984"}],"wp:attachment":[{"href":"https:\/\/www.productoslatina.mx\/stage\/wp-json\/wp\/v2\/media?parent=3398"}],"wp:term":[{"taxonomy":"product_brand","embeddable":true,"href":"https:\/\/www.productoslatina.mx\/stage\/wp-json\/wp\/v2\/product_brand?post=3398"},{"taxonomy":"product_cat","embeddable":true,"href":"https:\/\/www.productoslatina.mx\/stage\/wp-json\/wp\/v2\/product_cat?post=3398"},{"taxonomy":"product_tag","embeddable":true,"href":"https:\/\/www.productoslatina.mx\/stage\/wp-json\/wp\/v2\/product_tag?post=3398"}],"curies":[{"name":"wp","href":"https:\/\/api.w.org\/{rel}","templated":true}]}}