{"id":2755,"date":"2021-05-17T14:11:05","date_gmt":"2021-05-17T19:11:05","guid":{"rendered":"http:\/\/www.productoslatina.mx\/stage\/?post_type=product&#038;p=2755"},"modified":"2025-02-04T07:53:19","modified_gmt":"2025-02-04T13:53:19","slug":"hidratacion-profunda-295","status":"publish","type":"product","link":"https:\/\/www.productoslatina.mx\/stage\/producto\/hidratacion-profunda-295\/","title":{"rendered":"Mascarilla Hidrataci\u00f3n Profunda"},"content":{"rendered":"<p><strong>Mascarilla capilar LATINA. Hidrataci\u00f3n Profunda 295grs. Elaborado con Extracto de pi\u00f1a &amp; manteca de mango<\/strong>. Enriquecido con Urea, Aloe Vera y Aceite de Girasol. <em>Hidrata profundamente. Aporta suavidad, dejando el cabello manejable, brillante y hermoso. Ideal para cabello reseco y sin vida.<\/em> La hidrataci\u00f3n es uno de los tratamientos capilares m\u00e1s conocidos de todos los tiempos. Siempre que pensamos en el cuidado del cabello<i>, la hidrataci\u00f3n<\/i> es la opci\u00f3n m\u00e1s obvia. Y no es de extra\u00f1ar: este procedimiento se encarga de reponer el agua que se pierde todos los d\u00edas. Mantener una rutina de hidrataci\u00f3n liberar\u00e1 el cabello de la resequedad, asegurando un cabello m\u00e1s sano. <strong>Ingredientes:<\/strong> aqua, cetyl alcohol, peg-40 hydrogenated castor oil (<strong>aceite de ricino<\/strong>),\u00a0ananas sativus fruit extract (<strong>extracto de pi\u00f1a<\/strong>), stearic acid,\u00a0\u00a0hydroxyethyl <strong>Urea<\/strong>,\u00a0mangifera indica seed butter (<strong>manteca de<\/strong> <strong>mango<\/strong>),\u00a0polydimethyl diallyl ammonium chloride, quaternium-22,\u00a0behentrimonium chloride,\u00a0polyquaternium-10 ,\u00a0cetearyl alcohol (and) cetearyl glucoside,\u00a0triheptanoin,\u00a0aloe barbadensis leaf, juice (<strong>jugo de Aloe Vera<\/strong>),\u00a0guar hydroxypropyltrimonium chloride,\u00a0helianthus annuus seed oil (<strong>aceite de girasol<\/strong>), phenoxyethanol, caprylyl glycol, decylene glycol,\u00a0bht,\u00a0tetrasodium edta,\u00a0fragrance,\u00a0(ci 19140).<\/p>\n","protected":false},"excerpt":{"rendered":"<p><strong>Mascarilla capilar LATINA. Hidrataci\u00f3n Profunda.<br \/>\nElaborado con Extracto de pi\u00f1a &amp; manteca de mango<\/strong>.<br \/>\nEnriquecido con Urea, Aloe Vera y Aceite de Girasol.<br \/>\n<em>Hidrata profundamente. Aporta suavidad, dejando el cabello manejable, brillante y hermoso. Ideal para cabello reseco y sin vida.<\/em><\/p>\n","protected":false},"featured_media":7981,"comment_status":"open","ping_status":"closed","template":"","meta":{"_et_pb_use_builder":"off","_et_pb_old_content":"<strong>Mascarilla capilar LATINA. Hidrataci\u00f3n Profunda 295grs. Elaborado con Extracto de pi\u00f1a & manteca de mango<\/strong>. Enriquecido con Urea, Aloe Vera y Aceite de Girasol. <em>Hidrata profundamente. Aporta suavidad, dejando el cabello manejable, brillante y hermoso. Ideal para cabello reseco y sin vida.<\/em> La hidrataci\u00f3n es uno de los tratamientos capilares m\u00e1s conocidos de todos los tiempos. Siempre que pensamos en el cuidado del cabello<i>, la hidrataci\u00f3n<\/i> es la opci\u00f3n m\u00e1s obvia. Y no es de extra\u00f1ar: este procedimiento se encarga de reponer el agua que se pierde todos los d\u00edas. Mantener una rutina de hidrataci\u00f3n liberar\u00e1 el cabello de la resequedad, asegurando un cabello m\u00e1s sano. <strong>Ingredientes:<\/strong> aqua, cetyl alcohol, peg-40 hydrogenated castor oil (<strong>aceite de ricino<\/strong>),\u00a0ananas sativus fruit extract (<strong>extracto de pi\u00f1a<\/strong>), stearic acid,\u00a0\u00a0hydroxyethyl <strong>Urea<\/strong>,\u00a0mangifera indica seed butter (<strong>manteca de<\/strong> <strong>mango<\/strong>),\u00a0polydimethyl diallyl ammonium chloride, quaternium-22,\u00a0behentrimonium chloride,\u00a0polyquaternium-10 ,\u00a0cetearyl alcohol (and) cetearyl glucoside,\u00a0triheptanoin,\u00a0aloe barbadensis leaf, juice (<strong>jugo de Aloe Vera<\/strong>),\u00a0guar hydroxypropyltrimonium chloride,\u00a0helianthus annuus seed oil (<strong>aceite de girasol<\/strong>), phenoxyethanol, caprylyl glycol, decylene glycol,\u00a0bht,\u00a0tetrasodium edta,\u00a0fragrance,\u00a0(ci 19140).","_et_gb_content_width":"","inline_featured_image":false},"product_brand":[],"product_cat":[139],"product_tag":[138],"class_list":{"0":"post-2755","1":"product","2":"type-product","3":"status-publish","4":"has-post-thumbnail","6":"product_cat-cronograma","7":"product_tag-mascarillas-capilares","8":"product_shipping_class-estandar","10":"first","11":"instock","12":"purchasable","13":"product-type-simple"},"aioseo_notices":[],"_links":{"self":[{"href":"https:\/\/www.productoslatina.mx\/stage\/wp-json\/wp\/v2\/product\/2755","targetHints":{"allow":["GET"]}}],"collection":[{"href":"https:\/\/www.productoslatina.mx\/stage\/wp-json\/wp\/v2\/product"}],"about":[{"href":"https:\/\/www.productoslatina.mx\/stage\/wp-json\/wp\/v2\/types\/product"}],"replies":[{"embeddable":true,"href":"https:\/\/www.productoslatina.mx\/stage\/wp-json\/wp\/v2\/comments?post=2755"}],"wp:featuredmedia":[{"embeddable":true,"href":"https:\/\/www.productoslatina.mx\/stage\/wp-json\/wp\/v2\/media\/7981"}],"wp:attachment":[{"href":"https:\/\/www.productoslatina.mx\/stage\/wp-json\/wp\/v2\/media?parent=2755"}],"wp:term":[{"taxonomy":"product_brand","embeddable":true,"href":"https:\/\/www.productoslatina.mx\/stage\/wp-json\/wp\/v2\/product_brand?post=2755"},{"taxonomy":"product_cat","embeddable":true,"href":"https:\/\/www.productoslatina.mx\/stage\/wp-json\/wp\/v2\/product_cat?post=2755"},{"taxonomy":"product_tag","embeddable":true,"href":"https:\/\/www.productoslatina.mx\/stage\/wp-json\/wp\/v2\/product_tag?post=2755"}],"curies":[{"name":"wp","href":"https:\/\/api.w.org\/{rel}","templated":true}]}}