{"id":2751,"date":"2021-05-17T14:06:46","date_gmt":"2021-05-17T19:06:46","guid":{"rendered":"http:\/\/www.productoslatina.mx\/stage\/?post_type=product&#038;p=2751"},"modified":"2025-02-04T07:52:49","modified_gmt":"2025-02-04T13:52:49","slug":"reconstruccion-total-295","status":"publish","type":"product","link":"https:\/\/www.productoslatina.mx\/stage\/producto\/reconstruccion-total-295\/","title":{"rendered":"Mascarilla Reparaci\u00f3n Total"},"content":{"rendered":"<p><em>Aporta y repone componentes estructurales de la hebra capilar. Reparador de cabello da\u00f1ado, tinturado y decolorado. <\/em><strong>Elaborado con prote\u00edna de arroz y prote\u00edna de jojoba. <\/strong>Enriquecido con aceite de ricino, zanahoria, camelia, almendras, girasol y arg\u00e1n. Con extracto de camelia y aloe vera. La mejor manera de reparar la fibra capilar es a trav\u00e9s de la reconstrucci\u00f3n de su esquema. La reconstrucci\u00f3n es la reposici\u00f3n de prote\u00ednas del cabello, especialmente queratina. La queratina es una prote\u00edna producida por el cuerpo humano, que representa aproximadamente el 90% de la constituci\u00f3n del cabello.\u00a0 La prote\u00edna se encarga de asegurar la fuerza, elasticidad y resistencia de la fibra capilar, ya que es extremadamente rica en amino\u00e1cidos y un poderoso reconstructor de la fibra da\u00f1ada. <strong>Ingredientes:<\/strong> aqua, cetyl alcohol, peg-40 hydrogenated castor oil (<strong>aceite de ricino<\/strong>),\u00a0hydrolyzed jojoba protein (<strong>prote\u00edna de jojoba<\/strong>), stearic acid,\u00a0hydrolyzed\u00a0rice protein (<strong>prote\u00edna de arroz),<\/strong>\u00a0caprylic\/capric triglyceride,\u00a0behentrimonium chloride,\u00a0hydroxyethyl urea,\u00a0cetearyl alcohol (and) cetearyl glucoside,\u00a0poliquaternium-10,\u00a0carota sativa seed\u00a0oil (<strong>aceite de zanahoria),<\/strong>\u00a0triheptanoin,\u00a0guar hydroxypropyltrimonium chloride,\u00a0\u00a0pseudozyma epicola, prunus amygdalus dulcis oil (<strong>aceite de almendras<\/strong>), camellia japonica seed oil (<strong>aceite de camelia<\/strong>), argania spinosa kernel oil (<strong>aceite de arg\u00e1n<\/strong>), helianthus annuus seed oil (<strong>aceite de girasol<\/strong>), camellia sinensis seed oil ferment extract filtrate (<strong>extracto de camelia<\/strong>), quaternium-22,\u00a0glycerin, aloe barbadensis leaf juice (<strong>jugo de aloe vera<\/strong>), phenoxyethanol, caprylyl glycol, decylene glycol.,\u00a0bht,\u00a0tetrasodium edta,\u00a0fragrance, and (ci 15985)<\/p>\n","protected":false},"excerpt":{"rendered":"<p>Mascarilla capilar LATINA. Reconstrucci\u00f3n Total.<br \/>\n<strong>Elaborado con prote\u00edna de arroz y prote\u00edna de jojoba.<br \/>\n<\/strong>Enriquecido con aceite de ricino, zanahoria, camelia, almendras, girasol y arg\u00e1n. Con extracto de camelia y aloe vera.<\/p>\n","protected":false},"featured_media":7997,"comment_status":"open","ping_status":"closed","template":"","meta":{"_et_pb_use_builder":"off","_et_pb_old_content":"<em>Aporta y repone componentes estructurales de la hebra capilar. Reparador de cabello da\u00f1ado, tinturado y decolorado.\r\n<\/em><strong>Elaborado con prote\u00edna de arroz y prote\u00edna de jojoba.\r\n<\/strong>Enriquecido con aceite de ricino, zanahoria, camelia, almendras, girasol y arg\u00e1n. Con extracto de camelia y aloe vera.\r\n\r\nLa mejor manera de reparar la fibra capilar es a trav\u00e9s de la reconstrucci\u00f3n de su esquema. La reconstrucci\u00f3n es la reposici\u00f3n de prote\u00ednas del cabello, especialmente queratina. La queratina es una prote\u00edna producida por el cuerpo humano, que representa aproximadamente el 90% de la constituci\u00f3n del cabello.\u00a0 La prote\u00edna se encarga de asegurar la fuerza, elasticidad y resistencia de la fibra capilar, ya que es extremadamente rica en amino\u00e1cidos y un poderoso reconstructor de la fibra da\u00f1ada.\r\n\r\n<strong>Ingredientes:<\/strong>\r\naqua, cetyl alcohol, peg-40 hydrogenated castor oil (<strong>aceite de ricino<\/strong>),\u00a0hydrolyzed jojoba protein (<strong>prote\u00edna de jojoba<\/strong>), stearic acid,\u00a0hydrolyzed\u00a0rice protein (<strong>prote\u00edna de arroz),<\/strong>\u00a0caprylic\/capric triglyceride,\u00a0behentrimonium chloride,\u00a0hydroxyethyl urea,\u00a0cetearyl alcohol (and) cetearyl glucoside,\u00a0poliquaternium-10,\u00a0carota sativa seed\u00a0oil (<strong>aceite de zanahoria),<\/strong>\u00a0triheptanoin,\u00a0guar hydroxypropyltrimonium chloride,\u00a0\u00a0pseudozyma epicola, prunus amygdalus dulcis oil (<strong>aceite de almendras<\/strong>), camellia japonica seed oil (<strong>aceite de camelia<\/strong>), argania spinosa kernel oil (<strong>aceite de arg\u00e1n<\/strong>), helianthus annuus seed oil (<strong>aceite de girasol<\/strong>), camellia sinensis seed oil ferment extract filtrate (<strong>extracto de camelia<\/strong>), quaternium-22,\u00a0glycerin, aloe barbadensis leaf juice (<strong>jugo de aloe vera<\/strong>), phenoxyethanol, caprylyl glycol, decylene glycol.,\u00a0bht,\u00a0tetrasodium edta,\u00a0fragrance, and (ci 15985)","_et_gb_content_width":"","inline_featured_image":false},"product_brand":[],"product_cat":[139],"product_tag":[138],"class_list":{"0":"post-2751","1":"product","2":"type-product","3":"status-publish","4":"has-post-thumbnail","6":"product_cat-cronograma","7":"product_tag-mascarillas-capilares","8":"product_shipping_class-estandar","10":"first","11":"instock","12":"purchasable","13":"product-type-simple"},"aioseo_notices":[],"_links":{"self":[{"href":"https:\/\/www.productoslatina.mx\/stage\/wp-json\/wp\/v2\/product\/2751","targetHints":{"allow":["GET"]}}],"collection":[{"href":"https:\/\/www.productoslatina.mx\/stage\/wp-json\/wp\/v2\/product"}],"about":[{"href":"https:\/\/www.productoslatina.mx\/stage\/wp-json\/wp\/v2\/types\/product"}],"replies":[{"embeddable":true,"href":"https:\/\/www.productoslatina.mx\/stage\/wp-json\/wp\/v2\/comments?post=2751"}],"wp:featuredmedia":[{"embeddable":true,"href":"https:\/\/www.productoslatina.mx\/stage\/wp-json\/wp\/v2\/media\/7997"}],"wp:attachment":[{"href":"https:\/\/www.productoslatina.mx\/stage\/wp-json\/wp\/v2\/media?parent=2751"}],"wp:term":[{"taxonomy":"product_brand","embeddable":true,"href":"https:\/\/www.productoslatina.mx\/stage\/wp-json\/wp\/v2\/product_brand?post=2751"},{"taxonomy":"product_cat","embeddable":true,"href":"https:\/\/www.productoslatina.mx\/stage\/wp-json\/wp\/v2\/product_cat?post=2751"},{"taxonomy":"product_tag","embeddable":true,"href":"https:\/\/www.productoslatina.mx\/stage\/wp-json\/wp\/v2\/product_tag?post=2751"}],"curies":[{"name":"wp","href":"https:\/\/api.w.org\/{rel}","templated":true}]}}