{"id":2748,"date":"2021-05-17T14:03:16","date_gmt":"2021-05-17T19:03:16","guid":{"rendered":"http:\/\/www.productoslatina.mx\/stage\/?post_type=product&#038;p=2748"},"modified":"2025-02-04T07:52:35","modified_gmt":"2025-02-04T13:52:35","slug":"humectante-anti-frizz-pre-poo-295","status":"publish","type":"product","link":"https:\/\/www.productoslatina.mx\/stage\/producto\/humectante-anti-frizz-pre-poo-295\/","title":{"rendered":"Crema para peinar Anti-frizz"},"content":{"rendered":"<p><em>Repone l\u00edpidos, humecta profundamente dejando el cabello suave, brillante y sin frizz. Protector capilar contra los da\u00f1os externos, contaminaci\u00f3n, agua salada, clorada y climas extremos. <\/em><strong>\u00a1\u00dasalo como Prepoo o Crema para peinar!<\/strong> Puede aplicarse antes del lavado con el fin de proteger, humectar y fortalecer la hebra capilar el resto del d\u00eda. Elaborado con aceites fermentados, logrando con esta biotecnolog\u00eda una mayor eficacia, y mejor absorci\u00f3n por la hebra capilar. Sus componentes logran un mayor control del frizz, mayor resistencia a la tensi\u00f3n, controla, fortalece y protege el cabello. Con aceite de aguacate, zanahoria, almendras dulces, camelia, arg\u00e1n, ricino y girasol. <strong>Enriquecido con extracto de t\u00e9 verde.<\/strong> <strong>INGREDIENTES:<\/strong> Deionized Water, Cetyl Alcohol, PEG-40 Hydrogenated Castor Oil (<strong>aceite de ricino<\/strong>), Behentrimonium Chloride, Stearic Acid, Carota Sativa seed oil (<strong>aceite de zanahoria<\/strong>), Persea Gratissima Oil (<strong>aceite de aguacate<\/strong>), Caprylic\/Capric Triglycerides, Cetearyl Alcohol (and) Cetearyl Glucoside, Poliquaternium -10, Pseudozyma Epicola, Prunus Amygdalus Dulcis Oil (<strong>almendras dulces<\/strong>), Camellia Japonica Seed Oil (<strong>aceite de camelia<\/strong>), Argania Spinosa Kernel Oil (<strong>aceite de arg\u00e1n<\/strong>), Helianthus Annuus Seed Oil (<strong>aceite de girasol<\/strong>), Camellia Sinensis Seed Oil Ferment Extract Filtrate (<strong>extracto de t\u00e9 verde<\/strong>), PEG-7 Glyceryl Cocoate, Quaternium-22, Phenoxyethanol, Caprylyl Glycol, Decylene Glycol., Triheptanoin, BHT, Tetrasodium EDTA, Fragrance, And (CI 10006)<\/p>\n","protected":false},"excerpt":{"rendered":"<p>Humectante Anti-frizz<br \/>\n<strong>PARA EL CUIDADO DEL CABELLO EN CLIMAS EXTREMOS. CABELLO DA\u00d1ADO O RESECO.<\/strong><br \/>\n<strong>Con aceite de aguacate, zanahoria, almendras dulces, camelia, arg\u00e1n, ricino y girasol.<\/strong><br \/>\nEnriquecido con extracto de t\u00e9 verde.<\/p>\n","protected":false},"featured_media":7973,"comment_status":"open","ping_status":"closed","template":"","meta":{"_et_pb_use_builder":"off","_et_pb_old_content":"<em>Repone l\u00edpidos, humecta profundamente dejando el cabello suave, brillante y sin frizz.\r\nProtector capilar contra los da\u00f1os externos, contaminaci\u00f3n, agua salada, clorada y climas extremos.\r\n<\/em><strong>\u00a1\u00dasalo como Prepoo o Crema para peinar!<\/strong><em>\r\n<\/em>Puede aplicarse antes del lavado con el fin de proteger, humectar y fortalecer la hebra capilar el resto del d\u00eda. Elaborado con aceites fermentados, logrando con esta biotecnolog\u00eda una mayor eficacia, y mejor absorci\u00f3n por la hebra capilar. Sus componentes logran un mayor control del frizz, mayor resistencia a la tensi\u00f3n, controla, fortalece y protege el cabello.\r\n\r\nCon aceite de aguacate, zanahoria, almendras dulces, camelia, arg\u00e1n, ricino y girasol.\r\n<strong>Enriquecido con extracto de t\u00e9 verde.<\/strong>\r\n\r\n<strong>INGREDIENTES:<\/strong>\r\nDeionized Water, Cetyl Alcohol, PEG-40 Hydrogenated Castor Oil (<strong>aceite de ricino<\/strong>), Behentrimonium Chloride, Stearic Acid, Carota Sativa seed oil (<strong>aceite de zanahoria<\/strong>), Persea Gratissima Oil (<strong>aceite de aguacate<\/strong>), Caprylic\/Capric Triglycerides, Cetearyl Alcohol (and) Cetearyl Glucoside, Poliquaternium -10, Pseudozyma Epicola, Prunus Amygdalus Dulcis Oil (<strong>almendras dulces<\/strong>), Camellia Japonica Seed Oil (<strong>aceite de camelia<\/strong>), Argania Spinosa Kernel Oil (<strong>aceite de arg\u00e1n<\/strong>), Helianthus Annuus Seed Oil (<strong>aceite de girasol<\/strong>), Camellia Sinensis Seed Oil Ferment Extract Filtrate (<strong>extracto de t\u00e9 verde<\/strong>), PEG-7 Glyceryl Cocoate, Quaternium-22, Phenoxyethanol, Caprylyl Glycol, Decylene Glycol., Triheptanoin, BHT, Tetrasodium EDTA, Fragrance, And (CI 10006)","_et_gb_content_width":"","inline_featured_image":false},"product_brand":[],"product_cat":[137],"product_tag":[138],"class_list":{"0":"post-2748","1":"product","2":"type-product","3":"status-publish","4":"has-post-thumbnail","6":"product_cat-linea-antifrizz","7":"product_tag-mascarillas-capilares","8":"product_shipping_class-estandar","10":"first","11":"instock","12":"purchasable","13":"product-type-simple"},"aioseo_notices":[],"_links":{"self":[{"href":"https:\/\/www.productoslatina.mx\/stage\/wp-json\/wp\/v2\/product\/2748","targetHints":{"allow":["GET"]}}],"collection":[{"href":"https:\/\/www.productoslatina.mx\/stage\/wp-json\/wp\/v2\/product"}],"about":[{"href":"https:\/\/www.productoslatina.mx\/stage\/wp-json\/wp\/v2\/types\/product"}],"replies":[{"embeddable":true,"href":"https:\/\/www.productoslatina.mx\/stage\/wp-json\/wp\/v2\/comments?post=2748"}],"wp:featuredmedia":[{"embeddable":true,"href":"https:\/\/www.productoslatina.mx\/stage\/wp-json\/wp\/v2\/media\/7973"}],"wp:attachment":[{"href":"https:\/\/www.productoslatina.mx\/stage\/wp-json\/wp\/v2\/media?parent=2748"}],"wp:term":[{"taxonomy":"product_brand","embeddable":true,"href":"https:\/\/www.productoslatina.mx\/stage\/wp-json\/wp\/v2\/product_brand?post=2748"},{"taxonomy":"product_cat","embeddable":true,"href":"https:\/\/www.productoslatina.mx\/stage\/wp-json\/wp\/v2\/product_cat?post=2748"},{"taxonomy":"product_tag","embeddable":true,"href":"https:\/\/www.productoslatina.mx\/stage\/wp-json\/wp\/v2\/product_tag?post=2748"}],"curies":[{"name":"wp","href":"https:\/\/api.w.org\/{rel}","templated":true}]}}