{"id":12132,"date":"2023-11-15T10:40:06","date_gmt":"2023-11-15T16:40:06","guid":{"rendered":"http:\/\/www.productoslatina.mx\/stage\/?post_type=product&#038;p=12132"},"modified":"2025-11-23T10:32:58","modified_gmt":"2025-11-23T16:32:58","slug":"chica-scrunchie","status":"publish","type":"product","link":"https:\/\/www.productoslatina.mx\/stage\/producto\/chica-scrunchie\/","title":{"rendered":"Scrunchie Latina \u00ae (3 pzas)"},"content":{"rendered":"<p>Incluye:<br \/>\n1 scrunchie tela lisa y 2 scrunchie con dise\u00f1o tela estampada.<br \/>\nEl dise\u00f1o puede variar.<br \/>\nLos scrunchies recogen el cabello de manera m\u00e1s suave y sin da\u00f1o. Son perfectos para lucir en cualquier ocasi\u00f3n.<\/p>\n<p>Ingredientes:<br \/>\nPoli\u00e9ster 95% \/ Elastano 5%<\/p>\n","protected":false},"excerpt":{"rendered":"<p>Incluye: 1 scrunchie tela lisa y 2 scrunchie con dise\u00f1o tela estampada. El dise\u00f1o puede variar. Los scrunchies recogen el cabello de manera m\u00e1s suave y sin da\u00f1o. Son perfectos para lucir en cualquier ocasi\u00f3n. Ingredientes: Poli\u00e9ster 95% \/ Elastano 5%<\/p>\n","protected":false},"featured_media":12712,"comment_status":"open","ping_status":"closed","template":"","meta":{"_et_pb_use_builder":"","_et_pb_old_content":"","_et_gb_content_width":"","inline_featured_image":false},"product_brand":[],"product_cat":[152],"product_tag":[],"class_list":{"0":"post-12132","1":"product","2":"type-product","3":"status-publish","4":"has-post-thumbnail","6":"product_cat-accesorios","7":"product_shipping_class-estandar","9":"first","10":"instock","11":"purchasable","12":"product-type-simple"},"aioseo_notices":[],"_links":{"self":[{"href":"https:\/\/www.productoslatina.mx\/stage\/wp-json\/wp\/v2\/product\/12132","targetHints":{"allow":["GET"]}}],"collection":[{"href":"https:\/\/www.productoslatina.mx\/stage\/wp-json\/wp\/v2\/product"}],"about":[{"href":"https:\/\/www.productoslatina.mx\/stage\/wp-json\/wp\/v2\/types\/product"}],"replies":[{"embeddable":true,"href":"https:\/\/www.productoslatina.mx\/stage\/wp-json\/wp\/v2\/comments?post=12132"}],"wp:featuredmedia":[{"embeddable":true,"href":"https:\/\/www.productoslatina.mx\/stage\/wp-json\/wp\/v2\/media\/12712"}],"wp:attachment":[{"href":"https:\/\/www.productoslatina.mx\/stage\/wp-json\/wp\/v2\/media?parent=12132"}],"wp:term":[{"taxonomy":"product_brand","embeddable":true,"href":"https:\/\/www.productoslatina.mx\/stage\/wp-json\/wp\/v2\/product_brand?post=12132"},{"taxonomy":"product_cat","embeddable":true,"href":"https:\/\/www.productoslatina.mx\/stage\/wp-json\/wp\/v2\/product_cat?post=12132"},{"taxonomy":"product_tag","embeddable":true,"href":"https:\/\/www.productoslatina.mx\/stage\/wp-json\/wp\/v2\/product_tag?post=12132"}],"curies":[{"name":"wp","href":"https:\/\/api.w.org\/{rel}","templated":true}]}}